{"id":260,"date":"2016-06-17T08:13:58","date_gmt":"2016-06-17T11:13:58","guid":{"rendered":"http:\/\/voceeumvitorioso.com.br\/?page_id=260"},"modified":"2025-02-21T07:37:08","modified_gmt":"2025-02-21T10:37:08","slug":"errata-brasilia-30-05-201","status":"publish","type":"page","link":"https:\/\/voceeumvitorioso.com.br\/?page_id=260","title":{"rendered":"ERRATA Brasilia 30.05.201"},"content":{"rendered":"<p><strong>Prezada Iria segue em anexo a errata de publica\u00e7\u00e3o no site da escola que utilizou sua poesia, adicionando a referencia de sua autoria.<\/strong><\/p>\n<p><strong>ERRATA<\/strong><br \/>\n<strong>Brasilia 30.05.201<\/strong><br \/>\n<strong>Por meio da presente nota, esclarecemos a toda a comunidade escolar e demais interessados que na prova Multidisciplinar II do 1\u00ba Bimestre de 2014 [2\u00ba chamada] sexto ano do ensino fundamental,aplicada em 14.04.2014 constou por equ\u00edvoco na prova de reda\u00e7\u00e3o que o poema &#8216;Para meu grande amor&#8217; seria de autoria desconhecid<span class=\"text_exposed_show\">a, contudo, este pertence a senhora Iria Salete Horn.<\/span><\/strong><\/p>\n<p><strong><span class=\"text_exposed_show\"><br \/>\nDesta feita, nos impele refor\u00e7ar nosso pedido de desculpas para a autora desta obra, bem como agradecer pela qualidade e pelos pr\u00e9stimos que sua poesia prestou no auxilio do ensino dos alunos de nossa institui\u00e7\u00e3o.<br \/>\nAPAM &#8211; Associa\u00e7\u00e3o de Pais, alunos e mestres do Col\u00e9gio Militar Dom Pedro II<br \/>\nPresidente- Marcio dos Santos da Silva.<\/span><\/strong><\/p>\n<p><strong><span class=\"text_exposed_show\"><br \/>\nPROJUDI &#8211; Assinado digitalmente por Ezequiel Gomes,<br \/>\n02\/06\/2016: . Arq: ERRATA<\/span><\/strong><\/p>\n<p>http:\/\/cmdp2.com.br\/index.php\/noticias\/noticias-antigas?start=230<\/p>\n<p>http:\/\/cmdp2.com.br\/index.php\/noticias\/noticias-antigas?start=230<\/p>\n<p><a href=\"http:\/\/cmdp2.com.br\/index.php\/noticias\/noticias-antigas?start=230\">ERRATA Por meio da presente nota, esclarecemos \u00e0 toda a comunidade escolar e demais interessados que na PROVA MULTIDISCIPLINAR II do 1\u00ba Bimestre de 2014 (2\u00aa Chamada) 6\u00ba ano do Ensino Fundamental, aplicada em 14 de abril de 2014, constou por equ\u00edvoco na prova de reda\u00e7\u00e3o que o poema \u201cpara meu grande amor\u201d seria de autoria desconhecida, contudo, este pertence \u00e0 Sra. IRIA SALETE HORN. Desta feita, nos impele refor\u00e7ar nosso pedido de desculpas para a autora desta obra, bem como agrade\u00e7er pela qualidade e pelos pr\u00e9stimos que sua poesia prestou no aux\u00edlio do ensino dos alunos de nossa institui\u00e7\u00e3o. Bras\u00edlia 30 de maio de 2016.<\/a><\/p>\n<div class=\"xdj266r x11i5rnm xat24cr x1mh8g0r x1vvkbs x126k92a\">\n<div dir=\"auto\">Ol\u00e1 Iria, finalmente foi julgado o recurso sobre o seu processo de direitos autorais, agora temos que esperar o transito em julgado dessa decis\u00e3o, ou seja, quando n\u00e3o caber\u00e1 mais nenhum tipo de recurso, para que possamos executar o valor, mas o importante foi ter seu direito reconhecido e lhe concedido o m\u00e9rito por sua valorosa obra.<\/div>\n<\/div>\n<div class=\"x11i5rnm xat24cr x1mh8g0r x1vvkbs xtlvy1s x126k92a\">\n<div dir=\"auto\">Obrigada ao querido amigo e advogado Vagner.<\/div>\n<\/div>\n<div class=\"x11i5rnm xat24cr x1mh8g0r x1vvkbs xtlvy1s x126k92a\">\n<div dir=\"auto\">Restou comprovado nos autos que a requerida utilizou de texto liter\u00e1rio, produzido pela autora,sem sua autoriza\u00e7\u00e3o ou indica\u00e7\u00e3o de autoria (mov. 1.9). Logo, utilizou-se do trabalho da autora sem sua autoriza\u00e7\u00e3o e devida contrapresta\u00e7\u00e3o, violando o disposto nos artigos 7\u00ba, inciso I, 10,28 e 29, da Lei 9.610\/98:<\/div>\n<div dir=\"auto\">Art. 28. Cabe ao autor o direito exclusivo de utilizar, fruir e dispor da obra liter\u00e1ria, art\u00edstica ou cient\u00edfica<\/div>\n<div dir=\"auto\">Art. 29. Depende de autoriza\u00e7\u00e3o pr\u00e9via e expressa do autor a utiliza\u00e7\u00e3o da obra, por quais quer modalidades, tais como: (&#8230;) I &#8211; a reprodu\u00e7\u00e3o parcial ou integral.<\/div>\n<\/div>\n<div class=\"x11i5rnm xat24cr x1mh8g0r x1vvkbs xtlvy1s x126k92a\">\n<div dir=\"auto\">Ante o exposto, esta 1\u00aa Turma Recursal dos Juizados Especiais resolve, por unanimidade dos votos, em rela\u00e7\u00e3o ao recurso de APAM &#8211; ASSOCIA\u00c7\u00c3O DE PAIS, ALUNOS E MESTRES DO COL\u00c9GIO MILITAR D PEDRO II, julgar pelo(a) Com Resolu\u00e7\u00e3o do M\u00e9rito &#8211; Provimento em Parte nos exatos termos do voto.<\/div>\n<div dir=\"auto\">O julgamento foi presidido pelo (a) Juiz(a) Vanessa Bassani, com voto, e dele participaram os Ju\u00edzes Maria Fernanda Scheidemantel Nogara Ferreira Da Costa(relator) e Nestario Da Silva Queiroz.<\/div>\n<\/div>\n<div class=\"x11i5rnm xat24cr x1mh8g0r x1vvkbs xtlvy1s x126k92a\">\n<div dir=\"auto\">06 de fevereiro de 2020<\/div>\n<div dir=\"auto\">Maria Fernanda Scheidemantel Nogara Ferreira da Costa<\/div>\n<div dir=\"auto\">Juiz (a) relator (a)<\/div>\n<\/div>\n","protected":false},"excerpt":{"rendered":"<p>Prezada Iria segue em anexo a errata de publica\u00e7\u00e3o no site da escola que utilizou sua poesia, adicionando a referencia<\/p>\n","protected":false},"author":1,"featured_media":229,"parent":0,"menu_order":0,"comment_status":"closed","ping_status":"closed","template":"","meta":[],"_links":{"self":[{"href":"https:\/\/voceeumvitorioso.com.br\/index.php?rest_route=\/wp\/v2\/pages\/260"}],"collection":[{"href":"https:\/\/voceeumvitorioso.com.br\/index.php?rest_route=\/wp\/v2\/pages"}],"about":[{"href":"https:\/\/voceeumvitorioso.com.br\/index.php?rest_route=\/wp\/v2\/types\/page"}],"author":[{"embeddable":true,"href":"https:\/\/voceeumvitorioso.com.br\/index.php?rest_route=\/wp\/v2\/users\/1"}],"replies":[{"embeddable":true,"href":"https:\/\/voceeumvitorioso.com.br\/index.php?rest_route=%2Fwp%2Fv2%2Fcomments&post=260"}],"version-history":[{"count":5,"href":"https:\/\/voceeumvitorioso.com.br\/index.php?rest_route=\/wp\/v2\/pages\/260\/revisions"}],"predecessor-version":[{"id":3231,"href":"https:\/\/voceeumvitorioso.com.br\/index.php?rest_route=\/wp\/v2\/pages\/260\/revisions\/3231"}],"wp:featuredmedia":[{"embeddable":true,"href":"https:\/\/voceeumvitorioso.com.br\/index.php?rest_route=\/wp\/v2\/media\/229"}],"wp:attachment":[{"href":"https:\/\/voceeumvitorioso.com.br\/index.php?rest_route=%2Fwp%2Fv2%2Fmedia&parent=260"}],"curies":[{"name":"wp","href":"https:\/\/api.w.org\/{rel}","templated":true}]}}